{"id":1633,"date":"2022-02-20T19:01:10","date_gmt":"2022-02-20T18:01:10","guid":{"rendered":"http:\/\/apegarac.fr\/?page_id=1633"},"modified":"2023-04-20T09:56:59","modified_gmt":"2023-04-20T07:56:59","slug":"conseils-de-classe","status":"publish","type":"page","link":"https:\/\/apegarac.fr\/?page_id=1633","title":{"rendered":"Conseils de Classe"},"content":{"rendered":"<div class=\"wp-block-image\">\n<figure class=\"alignleft size-large is-resized\"><img decoding=\"async\" loading=\"lazy\" src=\"https:\/\/apegarac.fr\/wp-content\/uploads\/Timeless\/LOGO APE(500x300).png\" alt=\"\" width=\"278\" height=\"164\"\/><\/figure><\/div>\n\n\n<p><strong>Cette page est ouverte \u00e0 tous les parents d&rsquo;\u00e9l\u00e8ve du GARAC (adh\u00e9rents ou non-adh\u00e9rents \u00e0 notre association).<\/strong> Elle est d\u00e9di\u00e9e aux conseils de classe se d\u00e9roulant au sein des deux \u00e9tablissements  :<\/p>\n\n\n\n<ul>\n<li>Lyc\u00e9e Polyvalent Professionnel (LPP \u2013 Bac Professionnel \u2013 Brevet de Technicien Sup\u00e9rieur)<\/li>\n\n\n\n<li>Centre de Formation des Apprentis (CFA \u2013 CAP &#8211; Bac Professionnel \u2013 Brevet de Technicien Sup\u00e9rieur)  <\/li>\n<\/ul>\n\n\n\n<p>Vous y trouverez :<\/p>\n\n\n\n<ul>\n<li>Les calendriers des diff\u00e9rentes sessions,<\/li>\n\n\n\n<li>Une partie consacr\u00e9e \u00e0 notre formulaire en ligne;<\/li>\n\n\n\n<li>La possibilit\u00e9 de nous laisser un message ou d&rsquo;int\u00e9grer \u00e0 notre liste de diffusion des informations relatives aux conseils de classe.<\/li>\n<\/ul>\n\n\n\n<p>Pour les <strong>parents adh\u00e9rents<\/strong> \u00e0 notre association, ce <a href=\"https:\/\/apegarac.fr\/?page_id=1645\">lien <\/a>vous permet en plus&nbsp;de&nbsp;: <\/p>\n\n\n\n<ul>\n<li>Consulter les comptes rendus APE des conseils de classe,<\/li>\n\n\n\n<li>De vous porter volontaire pour devenir parent d\u00e9l\u00e9gu\u00e9.<\/li>\n<\/ul>\n\n\n\n<p>Enfin, les <strong>parents d\u00e9l\u00e9gu\u00e9s<\/strong> (repr\u00e9sentant l\u2019association lors des s\u00e9ances) pourront se rendre sur la <a href=\"https:\/\/apegarac.fr\/?page_id=1676\">page <\/a>qui leur est d\u00e9di\u00e9e. Afin d\u2019y retrouvez :<\/p>\n\n\n\n<ul>\n<li>Notre guide,<\/li>\n\n\n\n<li>La trame g\u00e9n\u00e9rique du compte rendu,<\/li>\n\n\n\n<li>La version papier de notre formulaire en ligne.<\/li>\n<\/ul>\n\n\n\n<hr class=\"wp-block-separator has-css-opacity\"\/>\n\n\n\n<h2 id=\"calendriers-lpp\">Calendriers LPP :<\/h2>\n\n\n\n<figure class=\"wp-block-table is-style-stripes\"><table class=\"has-fixed-layout\"><thead><tr><th>Classes<\/th><th class=\"has-text-align-center\" data-align=\"center\">1er Conseil de classe<\/th><th class=\"has-text-align-center\" data-align=\"center\">2\u00e8me Conseil de classe<\/th><th class=\"has-text-align-center\" data-align=\"center\">3\u00e8me Conseil de classe<\/th><\/tr><\/thead><tbody><tr><td>Secondes Bac Pro<br>(S BPR **)<\/td><td class=\"has-text-align-center\" data-align=\"center\"><a href=\"http:\/\/xx\">A venir<\/a><\/td><td class=\"has-text-align-center\" data-align=\"center\"><a href=\"http:\/\/xx\">A venir<\/a><\/td><td class=\"has-text-align-center\" data-align=\"center\"><a href=\"http:\/\/xx\">A venir<\/a><\/td><\/tr><tr><td>Premi\u00e8res &amp; Terminales<br>Bac Pro (P BPR ** &amp; T BPR **)<\/td><td class=\"has-text-align-center\" data-align=\"center\"><a href=\"http:\/\/xx\">A venir<\/a><\/td><td class=\"has-text-align-center\" data-align=\"center\"><a href=\"http:\/\/xx\">A venir<\/a><\/td><td class=\"has-text-align-center\" data-align=\"center\">N,C,<\/td><\/tr><tr><td>Premi\u00e8res &amp; Deuxi\u00e8mes<br>ann\u00e9es BTS (1 BTS ** &amp; 2 BTS **)<\/td><td class=\"has-text-align-center\" data-align=\"center\"><a href=\"http:\/\/xx\">A venir<\/a><\/td><td class=\"has-text-align-center\" data-align=\"center\"><a href=\"http:\/\/xx\">A venir<\/a><\/td><td class=\"has-text-align-center\" data-align=\"center\">N.C.<\/td><\/tr><\/tbody><\/table><figcaption class=\"wp-element-caption\">Conseils de classe Lyc\u00e9e Polyvalent Professionnel<\/figcaption><\/figure>\n\n\n\n<p><\/p>\n\n\n\n<p><\/p>\n\n\n\n<hr class=\"wp-block-separator has-css-opacity\"\/>\n\n\n\n<h2 id=\"calendriers-cfa\">Calendriers CFA :<\/h2>\n\n\n\n<figure class=\"wp-block-table is-style-stripes\"><table class=\"has-fixed-layout\"><thead><tr><th>Classes<\/th><th class=\"has-text-align-center\" data-align=\"center\">1er Conseil de classe<\/th><th class=\"has-text-align-center\" data-align=\"center\">2\u00e8me Conseil de classe<\/th><\/tr><\/thead><tbody><tr><td>Certificat d&rsquo;Aptitude Professionnel<br>(3 CAP **)<\/td><td class=\"has-text-align-center\" data-align=\"center\"><a href=\"http:\/\/xx\">A venir<\/a><\/td><td class=\"has-text-align-center\" data-align=\"center\"><a href=\"http:\/\/xx\">A venir<\/a><\/td><\/tr><tr><td>Bac Professionnel <br>Secondes, Premi\u00e8res &amp; terminales<br>(S BPR **, P BPR ** &amp; T BPR**)<\/td><td class=\"has-text-align-center\" data-align=\"center\"><a href=\"http:\/\/xx\">A venir<\/a><\/td><td class=\"has-text-align-center\" data-align=\"center\"><a href=\"http:\/\/xx\">A venir<\/a><\/td><\/tr><tr><td>Brevet Technicien Sup\u00e9rieur<br>Premi\u00e8res &amp; Deuxi\u00e8mes ann\u00e9es<br>(1 BTS ** &amp; 2 BTS**)<\/td><td class=\"has-text-align-center\" data-align=\"center\"><a href=\"http:\/\/xx\">A venir<\/a><\/td><td class=\"has-text-align-center\" data-align=\"center\"><a href=\"http:\/\/xx\">A venir<\/a><\/td><\/tr><\/tbody><\/table><figcaption class=\"wp-element-caption\">Conseils de classe Centre de Formation des Apprentis<\/figcaption><\/figure>\n\n\n\n<p><\/p>\n\n\n\n<hr class=\"wp-block-separator has-css-opacity\"\/>\n\n\n\n<h2 id=\"formulaire-de-preparation-des-conseils-de-classe\">Formulaire de pr\u00e9paration des conseils de classe :<\/h2>\n\n\n\n<p>Afin de vous repr\u00e9senter au mieux et se faire le porte parole de l&rsquo;ensemble des parents d&rsquo;\u00e9l\u00e8ve, les parents d\u00e9l\u00e9gu\u00e9s (qui sont les seuls \u00e0 pouvoir prendre la parole durant la s\u00e9ance) ont besoin de votre v\u00e9cu, des retours de l&rsquo;\u00e9l\u00e8ve et toutes informations que vous pourrez leur transmettre. <br>Compl\u00e9tez notre <a href=\"https:\/\/docs.google.com\/forms\/d\/e\/1FAIpQLScksJNDGzNbfDjnkrv4qB6oq0biWs4u4OWrnYXwYoh4ygxzfQ\/viewform?usp=pp_url\" target=\"_blank\" rel=\"noreferrer noopener\">formulaire en ligne<\/a> mis a votre disposition pour recueillir vos impressions sur la p\u00e9riode \u00e9coul\u00e9e, vos questions et\/ou vos suggestions.<\/p>\n\n\n\n<p>Par avance, merci d&rsquo;avoir consacrer quelques minutes \u00e0 cette t\u00e2che indispensable \u00e0 un \u00e9change fructueux avec les repr\u00e9sentants du GARAC<\/p>\n\n\n\n<hr class=\"wp-block-separator has-css-opacity\"\/>\n\n\n\n<h2 id=\"messages-adhesion\">Messages &amp; Adh\u00e9sion :<\/h2>\n\n\n\n<p>Si vous avez des remarques, des propositions, un besoin d&rsquo;information et\/ou nous faire part d&rsquo;une situation particuli\u00e8re dans la classe de votre adolescent(e), rendez-vous <a href=\"https:\/\/apegarac.fr\/?page_id=1686\">ici<\/a> pour nous laisser un message,<\/p>\n\n\n\n<p>Si vous d\u00e9sirez int\u00e9grer notre liste de diffusion des informations relatives aux conseils de classe, merci de compl\u00e9ter le <a href=\"https:\/\/forms.gle\/FGbXoAavLVFcGxK36\" target=\"_blank\" rel=\"noreferrer noopener\">formulaire<\/a> suivant. <\/p>\n\n\n\n<p>Finalement, vous d\u00e9sirez nous rejoindre ? Rien de plus simple allez sur notre <a href=\"https:\/\/wp.me\/P9i8QA-xU\">page d\u00e9di\u00e9e<\/a>  et suivez les instructions indiqu\u00e9es sur celui-ci !<\/p>\n\n\n\n<p><strong>Enfin, sachez que chaque nouvelle adh\u00e9sion renforce la&nbsp;repr\u00e9sentativit\u00e9 de l\u2019APE et augmente ses&nbsp;moyens d\u2019action.<\/strong><\/p>\n","protected":false},"excerpt":{"rendered":"<p>Cette page est ouverte \u00e0 tous les parents d&rsquo;\u00e9l\u00e8ve du GARAC (adh\u00e9rents ou non-adh\u00e9rents \u00e0 notre association). Elle est d\u00e9di\u00e9e aux conseils de classe se d\u00e9roulant au&hellip; <span class=\"read-more\"><a class=\"more-link\" href=\"https:\/\/apegarac.fr\/?page_id=1633\" rel=\"bookmark\">Lire la suite de <span class=\"screen-reader-text\">\u00ab\u00a0Conseils de Classe\u00a0\u00bb<\/span><\/a><\/span><\/p>\n","protected":false},"author":1244,"featured_media":0,"parent":0,"menu_order":0,"comment_status":"closed","ping_status":"closed","template":"","meta":{"advanced_seo_description":"","jetpack_seo_html_title":"","jetpack_seo_noindex":false,"jetpack_post_was_ever_published":false},"jetpack_sharing_enabled":true,"jetpack_shortlink":"https:\/\/wp.me\/P9i8QA-ql","jetpack_likes_enabled":false,"jetpack-related-posts":[{"id":1676,"url":"https:\/\/apegarac.fr\/?page_id=1676","url_meta":{"origin":1633,"position":0},"title":"Conseils de Classe (Parent d\u00e9l\u00e9gu\u00e9)","date":"20 f\u00e9vrier 2022","format":false,"excerpt":"Cette page est r\u00e9serv\u00e9e aux parents d\u00e9l\u00e9gu\u00e9s repr\u00e9sentant l'APE lors des s\u00e9ances.Elle est d\u00e9di\u00e9e aux conseils de classe se d\u00e9roulant au sein des deux \u00e9tablissements : Lyc\u00e9e Polyvalent Professionnel (LPP \u2013 Bac Professionnel \u2013 Brevet de Technicien Sup\u00e9rieur) Centre de Formation des Apprentis (CFA \u2013 CAP - Bac Professionnel \u2013\u2026","rel":"","context":"Article similaire","img":{"alt_text":"","src":"","width":0,"height":0},"classes":[]},{"id":1645,"url":"https:\/\/apegarac.fr\/?page_id=1645","url_meta":{"origin":1633,"position":1},"title":"Conseils de Classe (Infos. adh\u00e9rents)","date":"20 f\u00e9vrier 2022","format":false,"excerpt":"Cette page est r\u00e9serv\u00e9e aux parents adh\u00e9rents de l'APE.Elle est d\u00e9di\u00e9e aux conseils de classe se d\u00e9roulant au sein des deux \u00e9tablissements : Lyc\u00e9e Polyvalent Professionnel (LPP \u2013 Bac Professionnel \u2013 Brevet de Technicien Sup\u00e9rieur) Centre de Formation des Apprentis (CFA \u2013 CAP - Bac Professionnel \u2013 Brevet de Technicien\u2026","rel":"","context":"Article similaire","img":{"alt_text":"","src":"","width":0,"height":0},"classes":[]},{"id":1531,"url":"https:\/\/apegarac.fr\/?page_id=1531","url_meta":{"origin":1633,"position":2},"title":"&#x1f44d;Calendrier APE 2023\/2024","date":"9 janvier 2021","format":false,"excerpt":"Agendas des CONSEILS DE CLASSE (2ndes, 1\u00e8res, Terminales, BTS1\u00b0 et BTS2\u00b0) du Lyc\u00e9e Professionnel Polyvalent (LPP) et du Centre de Formation de Apprentis (CFA) se situent sur la page d\u00e9di\u00e9e \u00e0 ceux-ci Agenda des REUNIONS DES ADHERENTS DE L'APE 2023\/2024 Agenda des JOURNEES PORTES OUVERTES du GARAC 2023\/2024Le GARAC (\u00e9tablissements\u2026","rel":"","context":"Article similaire","img":{"alt_text":"","src":"","width":0,"height":0},"classes":[]},{"id":9,"url":"https:\/\/apegarac.fr\/?page_id=9","url_meta":{"origin":1633,"position":3},"title":"Acc\u00e8s adh\u00e9rent","date":"28 d\u00e9cembre 2016","format":false,"excerpt":"L\u2019Espace Adh\u00e9rents propose le t\u00e9l\u00e9chargement les comptes-rendus des r\u00e9unions du comit\u00e9 des parents,\u00a0les questionnaires pour les conseils de classe, les projets auxquels participent l\u2019association, etc. N'h\u00e9sitez pas \u00e0 nous r\u00e9clamer les documents que vous souhaiteriez t\u00e9l\u00e9charger en utilisant le formulaire\u00a0contact.Chaque ann\u00e9e nous renouvelons votre mot de passe fin ao\u00fbt. Contactez-nous\u2026","rel":"","context":"Article similaire","img":{"alt_text":"","src":"","width":0,"height":0},"classes":[]},{"id":377,"url":"https:\/\/apegarac.fr\/?page_id=377","url_meta":{"origin":1633,"position":4},"title":"Questions \/ R\u00e9ponses","date":"2 octobre 2017","format":false,"excerpt":"La tenue d'atelier GARAC de votre enfant n'a pas encore \u00e9t\u00e9 livr\u00e9e ?\u00a0 Pas d'inqui\u00e9tude ! L'entreprise ayant \u00e9t\u00e9 en cong\u00e9s au mois d'ao\u00fbt, plusieurs d'entre vous n'ont pas \u00e9t\u00e9 livr\u00e9s de leur tenue d'atelier pour la rentr\u00e9e. Sachez que le GARAC pr\u00eate des blouses au d\u00e9but de l'ann\u00e9e aux\u2026","rel":"","context":"Article similaire","img":{"alt_text":"","src":"","width":0,"height":0},"classes":[]},{"id":2418,"url":"https:\/\/apegarac.fr\/?page_id=2418","url_meta":{"origin":1633,"position":5},"title":"Lexique des acronymes au GARAC","date":"19 novembre 2024","format":false,"excerpt":"GARAC\u00a0: Ecole Nationale des Professions de l\u2019Automobile et de la Mobilit\u00e9(Groupement d\u2019Apprentissage de la R\u00e9paration Automobile et du Cycle) LLP\u00a0: Lyc\u00e9e Professionnel Polyvalent CFA\u00a0: Centre de Formation pour les Apprentis SIP\u00a0: Sectiond\u2019Insertion Professionnelle\u00a0: CQP\u00a0: Certificat de Qualifications Professionnelles (en contrat de professionnalisation) DSP\u00a0: D\u00e9bosseleur Sans Peinture MRVAH\u00a0: M\u00e9canicien R\u00e9parateur de\u2026","rel":"","context":"Article similaire","img":{"alt_text":"","src":"","width":0,"height":0},"classes":[]}],"_links":{"self":[{"href":"https:\/\/apegarac.fr\/index.php?rest_route=\/wp\/v2\/pages\/1633"}],"collection":[{"href":"https:\/\/apegarac.fr\/index.php?rest_route=\/wp\/v2\/pages"}],"about":[{"href":"https:\/\/apegarac.fr\/index.php?rest_route=\/wp\/v2\/types\/page"}],"author":[{"embeddable":true,"href":"https:\/\/apegarac.fr\/index.php?rest_route=\/wp\/v2\/users\/1244"}],"replies":[{"embeddable":true,"href":"https:\/\/apegarac.fr\/index.php?rest_route=%2Fwp%2Fv2%2Fcomments&post=1633"}],"version-history":[{"count":33,"href":"https:\/\/apegarac.fr\/index.php?rest_route=\/wp\/v2\/pages\/1633\/revisions"}],"predecessor-version":[{"id":2355,"href":"https:\/\/apegarac.fr\/index.php?rest_route=\/wp\/v2\/pages\/1633\/revisions\/2355"}],"wp:attachment":[{"href":"https:\/\/apegarac.fr\/index.php?rest_route=%2Fwp%2Fv2%2Fmedia&parent=1633"}],"curies":[{"name":"wp","href":"https:\/\/api.w.org\/{rel}","templated":true}]}}