{"id":351,"date":"2017-10-02T16:00:59","date_gmt":"2017-10-02T14:00:59","guid":{"rendered":"http:\/\/apegarac.fr\/?page_id=351"},"modified":"2025-11-15T23:04:25","modified_gmt":"2025-11-15T22:04:25","slug":"agenda","status":"publish","type":"page","link":"https:\/\/apegarac.fr\/?page_id=351","title":{"rendered":"Agenda"},"content":{"rendered":"<div class=\"swpm-post-not-logged-in-msg\">You need to be logged in to view this content. Veuillez <a class=\"swpm-login-link\" href=\"https:\/\/apegarac.fr\/index.php\/membership-login\/\">Log In<\/a>. Not a Member? <a href=\"https:\/\/apegarac.fr\/index.php\/membership-join\/\">Nous Rejoindre<\/a><\/div>","protected":false},"excerpt":{"rendered":"<p>You need to be logged in to view this content. Veuillez Log In. Not a Member? Nous Rejoindre<\/p>\n","protected":false},"author":1,"featured_media":0,"parent":0,"menu_order":0,"comment_status":"open","ping_status":"closed","template":"","meta":{"advanced_seo_description":"","jetpack_seo_html_title":"","jetpack_seo_noindex":false,"jetpack_post_was_ever_published":false},"jetpack_sharing_enabled":false,"jetpack_shortlink":"https:\/\/wp.me\/P9i8QA-5F","jetpack_likes_enabled":true,"jetpack-related-posts":[{"id":2,"url":"https:\/\/apegarac.fr\/?page_id=2","url_meta":{"origin":351,"position":0},"title":"Pr\u00e9sentation","date":"27 d\u00e9cembre 2016","format":false,"excerpt":"L\u2019APE GARAC est une association loi 1901. Elle est constitu\u00e9e de parents concern\u00e9s par l\u2019avenir de leurs enfants et par la vie de l\u2019\u00e9cole. L\u2019Association des parents d\u2019\u00e9l\u00e8ves\u00a0du GARAC est \u00e0 votre service et est l\u00e0 pour vous repr\u00e9senter : Communication Adh\u00e9sion (old) T\u00e9l\u00e9charger la plaquette de pr\u00e9sentation de l'association\u2026","rel":"","context":"Article similaire","img":{"alt_text":"","src":"","width":0,"height":0},"classes":[]},{"id":1872,"url":"https:\/\/apegarac.fr\/?page_id=1872","url_meta":{"origin":351,"position":1},"title":"Message suite JPO (APE GARAC).","date":"13 mars 2022","format":false,"excerpt":"Bienvenue dans notre formulaire de messagerie. Pour nous envoyer un message, il vous suffit de compl\u00e9ter les champs ci-dessous.Merci de v\u00e9rifier l'exactitude de votre adresse Email, si vous souhaitez une r\u00e9ponse de notre part.Nous mettons tout en \u0153uvre pour vous r\u00e9pondre rapidement.","rel":"","context":"Article similaire","img":{"alt_text":"","src":"","width":0,"height":0},"classes":[]},{"id":2297,"url":"https:\/\/apegarac.fr\/?page_id=2297","url_meta":{"origin":351,"position":2},"title":"Message suite JPA (APE GARAC).","date":"1 f\u00e9vrier 2023","format":false,"excerpt":"Bienvenue dans notre formulaire de messagerie. Pour nous envoyer un message, il vous suffit de compl\u00e9ter les champs ci-dessous.Merci de v\u00e9rifier l'exactitude de votre adresse Email, si vous souhaitez une r\u00e9ponse de notre part.Nous mettons tout en \u0153uvre pour vous r\u00e9pondre rapidement.","rel":"","context":"Article similaire","img":{"alt_text":"","src":"","width":0,"height":0},"classes":[]},{"id":1686,"url":"https:\/\/apegarac.fr\/?page_id=1686","url_meta":{"origin":351,"position":3},"title":"Message Conseils de Classe (APE GARAC)","date":"23 f\u00e9vrier 2022","format":false,"excerpt":"Bienvenue dans notre formulaire de messagerie. Pour nous envoyer un message, il vous suffit de compl\u00e9ter les champs ci-dessous.Merci de v\u00e9rifier l'exactitude de votre adresse Email, si vous souhaitez une r\u00e9ponse de notre part.Nous mettons tout en \u0153uvre pour vous r\u00e9pondre rapidement.","rel":"","context":"Article similaire","img":{"alt_text":"","src":"","width":0,"height":0},"classes":[]},{"id":941,"url":"https:\/\/apegarac.fr\/?page_id=941","url_meta":{"origin":351,"position":4},"title":"&#x1f44d;Projets 2022\/2023","date":"17 d\u00e9cembre 2018","format":false,"excerpt":"Chaque ann\u00e9e l'APE-GARAC s'investit dans la vie de l'\u00e9tablissement pour les \u00e9l\u00e8ves en subventionnant des projets propos\u00e9s par la direction du GARAC et s\u00e9lectionn\u00e9s de fa\u00e7on coll\u00e9giale par l'ensemble des membres du bureau.Les projets retenus par le bureau de l'APE doivent correspondre aux crit\u00e8res suivant : L'int\u00e9r\u00eat p\u00e9dagogiqueL'\u00e9quilibre entre les\u2026","rel":"","context":"Article similaire","img":{"alt_text":"","src":"","width":0,"height":0},"classes":[]},{"id":2102,"url":"https:\/\/apegarac.fr\/?page_id=2102","url_meta":{"origin":351,"position":5},"title":"Devenir membre de l&rsquo;APE","date":"10 juillet 2022","format":false,"excerpt":"Votre adolescent(e) suit son cursus de formation au GARAC et vous d\u00e9sirez venir nous rejoindre, deux possibilit\u00e9s s'offrent \u00e0 vous : l'inscription en ligne ou le bulletin papier. Pour l'une ou l'autre de ces options, votre adh\u00e9sion va se d\u00e9rouler en 3 \u00e9tapes : Inscription en ligne Remplir notre formulaire\u2026","rel":"","context":"Article similaire","img":{"alt_text":"","src":"","width":0,"height":0},"classes":[]}],"_links":{"self":[{"href":"https:\/\/apegarac.fr\/index.php?rest_route=\/wp\/v2\/pages\/351"}],"collection":[{"href":"https:\/\/apegarac.fr\/index.php?rest_route=\/wp\/v2\/pages"}],"about":[{"href":"https:\/\/apegarac.fr\/index.php?rest_route=\/wp\/v2\/types\/page"}],"author":[{"embeddable":true,"href":"https:\/\/apegarac.fr\/index.php?rest_route=\/wp\/v2\/users\/1"}],"replies":[{"embeddable":true,"href":"https:\/\/apegarac.fr\/index.php?rest_route=%2Fwp%2Fv2%2Fcomments&post=351"}],"version-history":[{"count":153,"href":"https:\/\/apegarac.fr\/index.php?rest_route=\/wp\/v2\/pages\/351\/revisions"}],"predecessor-version":[{"id":2324,"href":"https:\/\/apegarac.fr\/index.php?rest_route=\/wp\/v2\/pages\/351\/revisions\/2324"}],"wp:attachment":[{"href":"https:\/\/apegarac.fr\/index.php?rest_route=%2Fwp%2Fv2%2Fmedia&parent=351"}],"curies":[{"name":"wp","href":"https:\/\/api.w.org\/{rel}","templated":true}]}}