{"id":9,"date":"2016-12-28T15:19:39","date_gmt":"2016-12-28T14:19:39","guid":{"rendered":"http:\/\/apegarac.fr\/index.php\/membership-login\/"},"modified":"2022-03-13T13:34:49","modified_gmt":"2022-03-13T12:34:49","slug":"membership-login","status":"publish","type":"page","link":"https:\/\/apegarac.fr\/?page_id=9","title":{"rendered":"Acc\u00e8s adh\u00e9rent"},"content":{"rendered":"\n<p>L\u2019Espace Adh\u00e9rents propose le t\u00e9l\u00e9chargement les comptes-rendus des r\u00e9unions du comit\u00e9 des parents,&nbsp;les questionnaires pour les conseils de classe, les projets auxquels participent l\u2019association, etc.<\/p>\n\n\n\n<hr class=\"wp-block-separator\"\/>\n\n\n\n<p>N&rsquo;h\u00e9sitez pas \u00e0 nous r\u00e9clamer les documents que vous souhaiteriez t\u00e9l\u00e9charger en utilisant le formulaire&nbsp;<a href=\"https:\/\/apegarac.fr\/index.php\/membership-join\/\">contact<\/a>.<br>Chaque ann\u00e9e nous renouvelons votre mot de passe fin ao\u00fbt. Contactez-nous si vous ne l&rsquo;avez pas re\u00e7u. Vous \u00eates Adh\u00e9rent et vous n\u2019avez pas les codes d\u2019acc\u00e8s. Utilisez le formulaire&nbsp;<a href=\"https:\/\/apegarac.fr\/index.php\/membership-join\/\">contact<\/a>&nbsp;pour en faire la demande.<\/p>\n\n\n\n<hr class=\"wp-block-separator\"\/>\n\n\n\n<p>Identifiez vous pour entrer dans l\u2019Espace Adh\u00e9rents :<\/p>\n\n\n<div class=\"swpm-login-widget-form\">\r\n    <form id=\"swpm-login-form\" name=\"swpm-login-form\" method=\"post\" action=\"\">\r\n        <div class=\"swpm-login-form-inner\">\r\n            <div class=\"swpm-username-label\">\r\n                <label for=\"swpm_user_name\" class=\"swpm-label\">Username or Email<\/label>\r\n            <\/div>\r\n            <div class=\"swpm-username-input\">\r\n                <input type=\"text\" class=\"swpm-text-field swpm-username-field\" id=\"swpm_user_name\" value=\"\" size=\"25\" name=\"swpm_user_name\" \/>\r\n            <\/div>\r\n            <div class=\"swpm-password-label\">\r\n                <label for=\"swpm_password\" class=\"swpm-label\">Mot de Passe<\/label>\r\n            <\/div>\r\n            <div class=\"swpm-password-input\">                \r\n                <input type=\"password\" class=\"swpm-text-field swpm-password-field\" id=\"swpm_password\" value=\"\" size=\"25\" name=\"swpm_password\" \/>                \r\n            <\/div>\r\n                        <div class=\"swpm-remember-me\">\r\n                <span class=\"swpm-remember-checkbox\"><input type=\"checkbox\" name=\"rememberme\" value=\"checked='checked'\"><\/span>\r\n                <span class=\"swpm-rember-label\"> Se souvenir de moi<\/span>\r\n            <\/div>\r\n\r\n            <div class=\"swpm-before-login-submit-section\"><\/div>\r\n\r\n            <div class=\"swpm-login-submit\">\r\n                <input type=\"submit\" class=\"swpm-login-form-submit\" name=\"swpm-login\" value=\"Log In\"\/>\r\n            <\/div>\r\n            <div class=\"swpm-forgot-pass-link\">\r\n                <a id=\"forgot_pass\" class=\"swpm-login-form-pw-reset-link\"  href=\"https:\/\/apegarac.fr\/index.php\/membership-login\/password-reset\/\">Mot de passe oubli\u00e9<\/a>\r\n            <\/div>\r\n            <div class=\"swpm-join-us-link\">\r\n                <a id=\"register\" class=\"swpm-login-form-register-link\" href=\"https:\/\/apegarac.fr\/index.php\/membership-join\/\">Nous Rejoindre<\/a>\r\n            <\/div>\r\n            <div class=\"swpm-login-action-msg\">\r\n                <span class=\"swpm-login-widget-action-msg\"><\/span>\r\n            <\/div>\r\n        <\/div>\r\n    <\/form>\r\n<\/div>\r\n\n","protected":false},"excerpt":{"rendered":"<p>L\u2019Espace Adh\u00e9rents propose le t\u00e9l\u00e9chargement les comptes-rendus des r\u00e9unions du comit\u00e9 des parents,&nbsp;les questionnaires pour les conseils de classe, les projets auxquels participent l\u2019association, etc. N&rsquo;h\u00e9sitez pas&hellip; <span class=\"read-more\"><a class=\"more-link\" href=\"https:\/\/apegarac.fr\/?page_id=9\" rel=\"bookmark\">Lire la suite de <span class=\"screen-reader-text\">\u00ab\u00a0Acc\u00e8s adh\u00e9rent\u00a0\u00bb<\/span><\/a><\/span><\/p>\n","protected":false},"author":1,"featured_media":0,"parent":0,"menu_order":0,"comment_status":"closed","ping_status":"closed","template":"","meta":{"advanced_seo_description":"","jetpack_seo_html_title":"","jetpack_seo_noindex":false,"jetpack_post_was_ever_published":false},"jetpack_sharing_enabled":true,"jetpack_shortlink":"https:\/\/wp.me\/P9i8QA-9","jetpack_likes_enabled":false,"jetpack-related-posts":[{"id":1824,"url":"https:\/\/apegarac.fr\/?page_id=1824","url_meta":{"origin":9,"position":0},"title":"Bienvenue (JPA)","date":"11 mars 2022","format":false,"excerpt":"Merci d'avance pour le temps que vous nous consacrerez afin de faire connaissance. Sachez que nous sommes \u00e0 votre disposition et que nous nous ferons un plaisir de vous r\u00e9pondre. Bonne d\u00e9couverte...Le Bureau","rel":"","context":"Article similaire","img":{"alt_text":"","src":"","width":0,"height":0},"classes":[]},{"id":1676,"url":"https:\/\/apegarac.fr\/?page_id=1676","url_meta":{"origin":9,"position":1},"title":"Conseils de Classe (Parent d\u00e9l\u00e9gu\u00e9)","date":"20 f\u00e9vrier 2022","format":false,"excerpt":"Cette page est r\u00e9serv\u00e9e aux parents d\u00e9l\u00e9gu\u00e9s repr\u00e9sentant l'APE lors des s\u00e9ances.Elle est d\u00e9di\u00e9e aux conseils de classe se d\u00e9roulant au sein des deux \u00e9tablissements : Lyc\u00e9e Polyvalent Professionnel (LPP \u2013 Bac Professionnel \u2013 Brevet de Technicien Sup\u00e9rieur) Centre de Formation des Apprentis (CFA \u2013 CAP - Bac Professionnel \u2013\u2026","rel":"","context":"Article similaire","img":{"alt_text":"","src":"","width":0,"height":0},"classes":[]},{"id":1633,"url":"https:\/\/apegarac.fr\/?page_id=1633","url_meta":{"origin":9,"position":2},"title":"Conseils de Classe","date":"20 f\u00e9vrier 2022","format":false,"excerpt":"Cette page est ouverte \u00e0 tous les parents d'\u00e9l\u00e8ve du GARAC (adh\u00e9rents ou non-adh\u00e9rents \u00e0 notre association). Elle est d\u00e9di\u00e9e aux conseils de classe se d\u00e9roulant au sein des deux \u00e9tablissements : Lyc\u00e9e Polyvalent Professionnel (LPP \u2013 Bac Professionnel \u2013 Brevet de Technicien Sup\u00e9rieur) Centre de Formation des Apprentis (CFA\u2026","rel":"","context":"Article similaire","img":{"alt_text":"","src":"","width":0,"height":0},"classes":[]},{"id":2281,"url":"https:\/\/apegarac.fr\/?page_id=2281","url_meta":{"origin":9,"position":3},"title":"Bienvenue (JPO)","date":"1 f\u00e9vrier 2023","format":false,"excerpt":"Merci d'avance pour le temps que vous nous consacrerez afin de faire connaissance. Sachez que nous sommes \u00e0 votre disposition et que nous nous ferons un plaisir de vous r\u00e9pondre. Bonne d\u00e9couverte...Le Bureau","rel":"","context":"Article similaire","img":{"alt_text":"","src":"","width":0,"height":0},"classes":[]},{"id":1645,"url":"https:\/\/apegarac.fr\/?page_id=1645","url_meta":{"origin":9,"position":4},"title":"Conseils de Classe (Infos. adh\u00e9rents)","date":"20 f\u00e9vrier 2022","format":false,"excerpt":"Cette page est r\u00e9serv\u00e9e aux parents adh\u00e9rents de l'APE.Elle est d\u00e9di\u00e9e aux conseils de classe se d\u00e9roulant au sein des deux \u00e9tablissements : Lyc\u00e9e Polyvalent Professionnel (LPP \u2013 Bac Professionnel \u2013 Brevet de Technicien Sup\u00e9rieur) Centre de Formation des Apprentis (CFA \u2013 CAP - Bac Professionnel \u2013 Brevet de Technicien\u2026","rel":"","context":"Article similaire","img":{"alt_text":"","src":"","width":0,"height":0},"classes":[]},{"id":80,"url":"https:\/\/apegarac.fr\/?page_id=80","url_meta":{"origin":9,"position":5},"title":"R\u00e9union Adh\u00e9rents &#038; Assembl\u00e9e G\u00e9n\u00e9rale","date":"4 janvier 2017","format":false,"excerpt":"Rappel des prochaines \u00e9ch\u00e9ances Comptes rendus des r\u00e9unions 2021\/2022 Date dela s\u00e9anceSupportde pr\u00e9sentationDocuments annexesR\u00e9union Adh\u00e9rentsxx XXX. 2023A venirN.CR\u00e9union Adh\u00e9rentsxx XXX. 2024A venirN.CDocuments relatifs aux assembl\u00e9es et r\u00e9unions d'adh\u00e9rents Date dela s\u00e9anceSupportde pr\u00e9sentationProc\u00e8s VerbalDocuments annexesAssembl\u00e9e Extraordinaire19 Juin 2023A venirA venirN.CAssembl\u00e9e G\u00e9n\u00e9rale09 Sept. 2023A venirA venirN.CDocuments relatifs aux assembl\u00e9es g\u00e9n\u00e9rales","rel":"","context":"Article similaire","img":{"alt_text":"","src":"","width":0,"height":0},"classes":[]}],"_links":{"self":[{"href":"https:\/\/apegarac.fr\/index.php?rest_route=\/wp\/v2\/pages\/9"}],"collection":[{"href":"https:\/\/apegarac.fr\/index.php?rest_route=\/wp\/v2\/pages"}],"about":[{"href":"https:\/\/apegarac.fr\/index.php?rest_route=\/wp\/v2\/types\/page"}],"author":[{"embeddable":true,"href":"https:\/\/apegarac.fr\/index.php?rest_route=\/wp\/v2\/users\/1"}],"replies":[{"embeddable":true,"href":"https:\/\/apegarac.fr\/index.php?rest_route=%2Fwp%2Fv2%2Fcomments&post=9"}],"version-history":[{"count":8,"href":"https:\/\/apegarac.fr\/index.php?rest_route=\/wp\/v2\/pages\/9\/revisions"}],"predecessor-version":[{"id":1889,"href":"https:\/\/apegarac.fr\/index.php?rest_route=\/wp\/v2\/pages\/9\/revisions\/1889"}],"wp:attachment":[{"href":"https:\/\/apegarac.fr\/index.php?rest_route=%2Fwp%2Fv2%2Fmedia&parent=9"}],"curies":[{"name":"wp","href":"https:\/\/api.w.org\/{rel}","templated":true}]}}